{"id":1302,"date":"2023-06-08T12:41:44","date_gmt":"2023-06-08T12:41:44","guid":{"rendered":"https:\/\/www.goodsparkenergy.com\/?page_id=1302"},"modified":"2024-05-14T06:35:02","modified_gmt":"2024-05-14T06:35:02","slug":"declaracion-de-privacidad","status":"publish","type":"page","link":"https:\/\/goodsparkenergy.com\/en\/declaracion-de-privacidad\/","title":{"rendered":"Accessibility Statement"},"content":{"rendered":"<div data-elementor-type=\"wp-page\" data-elementor-id=\"1302\" class=\"elementor elementor-1302\" data-elementor-post-type=\"page\">\n\t\t\t\t\t\t<section class=\"elementor-section elementor-top-section elementor-element elementor-element-41e63eb8 elementor-section-full_width elementor-section-height-default elementor-section-height-default\" data-id=\"41e63eb8\" data-element_type=\"section\" data-e-type=\"section\" data-settings=\"{&quot;background_background&quot;:&quot;classic&quot;}\">\n\t\t\t\t\t\t\t<div class=\"elementor-background-overlay\"><\/div>\n\t\t\t\t\t\t\t<div class=\"elementor-container elementor-column-gap-default\">\n\t\t\t\t\t<div class=\"elementor-column elementor-col-100 elementor-top-column elementor-element elementor-element-609e8cf6\" data-id=\"609e8cf6\" data-element_type=\"column\" data-e-type=\"column\">\n\t\t\t<div class=\"elementor-widget-wrap elementor-element-populated\">\n\t\t\t\t\t\t<section class=\"elementor-section elementor-inner-section elementor-element elementor-element-236d527a elementor-section-content-top elementor-section-boxed elementor-section-height-default elementor-section-height-default\" data-id=\"236d527a\" data-element_type=\"section\" data-e-type=\"section\">\n\t\t\t\t\t\t\t<div class=\"elementor-background-overlay\"><\/div>\n\t\t\t\t\t\t\t<div class=\"elementor-container elementor-column-gap-default\">\n\t\t\t\t\t<div class=\"elementor-column elementor-col-100 elementor-inner-column elementor-element elementor-element-86cf5e\" data-id=\"86cf5e\" data-element_type=\"column\" data-e-type=\"column\">\n\t\t\t<div class=\"elementor-widget-wrap elementor-element-populated\">\n\t\t\t\t\t\t<div class=\"elementor-element elementor-element-633e878d elementor-widget elementor-widget-heading\" data-id=\"633e878d\" data-element_type=\"widget\" data-e-type=\"widget\" data-widget_type=\"heading.default\">\n\t\t\t\t<div class=\"elementor-widget-container\">\n\t\t\t\t\t<h2 class=\"elementor-heading-title elementor-size-default\">Accessibility Statement<\/h2>\t\t\t\t<\/div>\n\t\t\t\t<\/div>\n\t\t\t\t<div class=\"elementor-element elementor-element-8591037 elementor-view-default elementor-widget elementor-widget-icon\" data-id=\"8591037\" data-element_type=\"widget\" data-e-type=\"widget\" data-widget_type=\"icon.default\">\n\t\t\t\t<div class=\"elementor-widget-container\">\n\t\t\t\t\t\t\t<div class=\"elementor-icon-wrapper\">\n\t\t\t<a class=\"elementor-icon\" href=\"#politics\">\n\t\t\t<i aria-hidden=\"true\" class=\"fas fa-angle-down\"><\/i>\t\t\t<\/a>\n\t\t<\/div>\n\t\t\t\t\t\t<\/div>\n\t\t\t\t<\/div>\n\t\t\t\t\t<\/div>\n\t\t<\/div>\n\t\t\t\t\t<\/div>\n\t\t<\/section>\n\t\t\t\t\t<\/div>\n\t\t<\/div>\n\t\t\t\t\t<\/div>\n\t\t<\/section>\n\t\t\t\t<section class=\"elementor-section elementor-top-section elementor-element elementor-element-1e8afede elementor-section-boxed elementor-section-height-default elementor-section-height-default\" data-id=\"1e8afede\" data-element_type=\"section\" data-e-type=\"section\" id=\"politics\" data-settings=\"{&quot;background_background&quot;:&quot;classic&quot;}\">\n\t\t\t\t\t\t<div class=\"elementor-container elementor-column-gap-default\">\n\t\t\t\t\t<div class=\"elementor-column elementor-col-100 elementor-top-column elementor-element elementor-element-11691a12\" data-id=\"11691a12\" data-element_type=\"column\" data-e-type=\"column\">\n\t\t\t<div class=\"elementor-widget-wrap elementor-element-populated\">\n\t\t\t\t\t\t<div class=\"elementor-element elementor-element-3ca2121f elementor-widget elementor-widget-text-editor\" data-id=\"3ca2121f\" data-element_type=\"widget\" data-e-type=\"widget\" data-widget_type=\"text-editor.default\">\n\t\t\t\t<div class=\"elementor-widget-container\">\n\t\t\t\t\t\t\t\t\t<h2>Accessibility<\/h2>\n<p>Good Spark Drinks SL has committed to making its website accessible, in accordance with Royal Decree 1112\/2018, of September 7, on accessibility of websites and applications for mobile devices in the public sector. This accessibility statement applies to the website https:\/\/www.goodsparkenergy.com\/<\/p>\n<h2>Compliance Status<\/h2>\n<p>This website partially complies with RD 1112\/2018 due to the exceptions and lack of conformity of the aspects indicated below.<\/p>\n<h2>Inaccessible Content<\/h2>\n<p>Descriptive links: Links whose content only consists of an image and the image has empty alt attributes and links whose text is empty.<br>Consistent navigation: Links located contiguously that point to the same destination.<\/p>\n<h2>Preparation of the Present<br>Accessibility Statement<\/h2>\n<p>This declaration was prepared on June 8, 2023. The method used to prepare the declaration has been an estimated evaluation carried out by the Web Accessibility Observatory and a self-assessment carried out by the organization itself. Last revision of the declaration: June 8, 2023.<\/p>\n<h2>Communication<\/h2>\n<p>You can make communications about accessibility requirements (article 10.2.a) of RD 1112\/2018) such as:<\/p>\n<p>report any possible non-compliance by this website<br>transmit other content access difficulties<br>Ask any other questions or suggestions for improvement regarding the accessibility of the website through the following contact form. Communications will be received and processed by the website address.<\/p>\n<h2>Optional content<\/h2>\n<p>This website applies the requirements of Standard UNE-EN 301549:2022 considering the exceptions of RD 1112\/2018. The latest accessibility review was carried out in June 2023. The website is optimized for Microsoft Internet Explorer 8.0 or higher browsers and the latest versions of FireFox, Safari, Opera and Google Chrome. The minimum recommended web resolution is 1280\u00d71024. The website is designed for Responsive viewing, so it is displayed optimally on tablet and mobile devices. On these devices it is optimized for viewing in the latest current versions of Chrome for mobile, Firefox for mobile, Safari mobile, Opera Mini and native Android browser.<\/p>\t\t\t\t\t\t\t\t<\/div>\n\t\t\t\t<\/div>\n\t\t\t\t\t<\/div>\n\t\t<\/div>\n\t\t\t\t\t<\/div>\n\t\t<\/section>\n\t\t\t\t<\/div>","protected":false},"excerpt":{"rendered":"<p>Declaraci\u00f3n de Accesibilidad Accesibilidad Good Spark Drinks S.L. se ha comprometido a hacer accesible su sitio web, de conformidad con el Real Decreto 1112\/2018, de 7 de septiembre, sobre accesibilidad de los sitios web y aplicaciones para dispositivos m\u00f3viles del sector p\u00fablico . La presente declaraci\u00f3n de accesibilidad se aplica al sitio web https:\/\/www.goodsparkenergy.com\/ Situaci\u00f3n [&hellip;]<\/p>\n","protected":false},"author":3,"featured_media":0,"parent":0,"menu_order":0,"comment_status":"closed","ping_status":"closed","template":"elementor_header_footer","meta":{"footnotes":""},"class_list":["post-1302","page","type-page","status-publish","hentry"],"yoast_head":"<!-- This site is optimized with the Yoast SEO plugin v27.4 - https:\/\/yoast.com\/product\/yoast-seo-wordpress\/ -->\n<title>Declaraci\u00f3n de Accesibilidad - Good Spark<\/title>\n<meta name=\"robots\" content=\"noindex, follow\" \/>\n<meta property=\"og:locale\" content=\"en_US\" \/>\n<meta property=\"og:type\" content=\"article\" \/>\n<meta property=\"og:title\" content=\"Declaraci\u00f3n de Accesibilidad - Good Spark\" \/>\n<meta property=\"og:description\" content=\"Declaraci\u00f3n de Accesibilidad Accesibilidad Good Spark Drinks S.L. se ha comprometido a hacer accesible su sitio web, de conformidad con el Real Decreto 1112\/2018, de 7 de septiembre, sobre accesibilidad de los sitios web y aplicaciones para dispositivos m\u00f3viles del sector p\u00fablico . La presente declaraci\u00f3n de accesibilidad se aplica al sitio web https:\/\/www.goodsparkenergy.com\/ Situaci\u00f3n [&hellip;]\" \/>\n<meta property=\"og:url\" content=\"https:\/\/goodsparkenergy.com\/en\/declaracion-de-privacidad\/\" \/>\n<meta property=\"og:site_name\" content=\"Good Spark\" \/>\n<meta property=\"article:modified_time\" content=\"2024-05-14T06:35:02+00:00\" \/>\n<meta property=\"og:image\" content=\"https:\/\/goodsparkenergy.com\/wp-content\/uploads\/2024\/03\/latas-productos.jpg\" \/>\n\t<meta property=\"og:image:width\" content=\"1234\" \/>\n\t<meta property=\"og:image:height\" content=\"694\" \/>\n\t<meta property=\"og:image:type\" content=\"image\/jpeg\" \/>\n<meta name=\"twitter:card\" content=\"summary_large_image\" \/>\n<meta name=\"twitter:label1\" content=\"Est. reading time\" \/>\n\t<meta name=\"twitter:data1\" content=\"2 minutes\" \/>\n<script type=\"application\/ld+json\" class=\"yoast-schema-graph\">{\"@context\":\"https:\\\/\\\/schema.org\",\"@graph\":[{\"@type\":\"WebPage\",\"@id\":\"https:\\\/\\\/goodsparkenergy.com\\\/declaracion-de-privacidad\\\/\",\"url\":\"https:\\\/\\\/goodsparkenergy.com\\\/declaracion-de-privacidad\\\/\",\"name\":\"Declaraci\u00f3n de Accesibilidad - Good Spark\",\"isPartOf\":{\"@id\":\"https:\\\/\\\/goodsparkenergy.com\\\/#website\"},\"datePublished\":\"2023-06-08T12:41:44+00:00\",\"dateModified\":\"2024-05-14T06:35:02+00:00\",\"breadcrumb\":{\"@id\":\"https:\\\/\\\/goodsparkenergy.com\\\/declaracion-de-privacidad\\\/#breadcrumb\"},\"inLanguage\":\"en-US\",\"potentialAction\":[{\"@type\":\"ReadAction\",\"target\":[\"https:\\\/\\\/goodsparkenergy.com\\\/declaracion-de-privacidad\\\/\"]}]},{\"@type\":\"BreadcrumbList\",\"@id\":\"https:\\\/\\\/goodsparkenergy.com\\\/declaracion-de-privacidad\\\/#breadcrumb\",\"itemListElement\":[{\"@type\":\"ListItem\",\"position\":1,\"name\":\"Home\",\"item\":\"https:\\\/\\\/goodsparkenergy.com\\\/\"},{\"@type\":\"ListItem\",\"position\":2,\"name\":\"Declaraci\u00f3n de Accesibilidad\"}]},{\"@type\":\"WebSite\",\"@id\":\"https:\\\/\\\/goodsparkenergy.com\\\/#website\",\"url\":\"https:\\\/\\\/goodsparkenergy.com\\\/\",\"name\":\"Good Spark\",\"description\":\"Bebida energizante org\u00e1nica\",\"publisher\":{\"@id\":\"https:\\\/\\\/goodsparkenergy.com\\\/#organization\"},\"potentialAction\":[{\"@type\":\"SearchAction\",\"target\":{\"@type\":\"EntryPoint\",\"urlTemplate\":\"https:\\\/\\\/goodsparkenergy.com\\\/?s={search_term_string}\"},\"query-input\":{\"@type\":\"PropertyValueSpecification\",\"valueRequired\":true,\"valueName\":\"search_term_string\"}}],\"inLanguage\":\"en-US\"},{\"@type\":\"Organization\",\"@id\":\"https:\\\/\\\/goodsparkenergy.com\\\/#organization\",\"name\":\"Good Spark\",\"url\":\"https:\\\/\\\/goodsparkenergy.com\\\/\",\"logo\":{\"@type\":\"ImageObject\",\"inLanguage\":\"en-US\",\"@id\":\"https:\\\/\\\/goodsparkenergy.com\\\/#\\\/schema\\\/logo\\\/image\\\/\",\"url\":\"https:\\\/\\\/goodsparkenergy.com\\\/wp-content\\\/uploads\\\/2023\\\/04\\\/logo-violeta-2-scaled.webp\",\"contentUrl\":\"https:\\\/\\\/goodsparkenergy.com\\\/wp-content\\\/uploads\\\/2023\\\/04\\\/logo-violeta-2-scaled.webp\",\"width\":2560,\"height\":2332,\"caption\":\"Good Spark\"},\"image\":{\"@id\":\"https:\\\/\\\/goodsparkenergy.com\\\/#\\\/schema\\\/logo\\\/image\\\/\"},\"sameAs\":[\"https:\\\/\\\/www.instagram.com\\\/goodsparkenergy\\\/\"]}]}<\/script>\n<!-- \/ Yoast SEO plugin. -->","yoast_head_json":{"title":"Declaraci\u00f3n de Accesibilidad - Good Spark","robots":{"index":"noindex","follow":"follow"},"og_locale":"en_US","og_type":"article","og_title":"Declaraci\u00f3n de Accesibilidad - Good Spark","og_description":"Declaraci\u00f3n de Accesibilidad Accesibilidad Good Spark Drinks S.L. se ha comprometido a hacer accesible su sitio web, de conformidad con el Real Decreto 1112\/2018, de 7 de septiembre, sobre accesibilidad de los sitios web y aplicaciones para dispositivos m\u00f3viles del sector p\u00fablico . La presente declaraci\u00f3n de accesibilidad se aplica al sitio web https:\/\/www.goodsparkenergy.com\/ Situaci\u00f3n [&hellip;]","og_url":"https:\/\/goodsparkenergy.com\/en\/declaracion-de-privacidad\/","og_site_name":"Good Spark","article_modified_time":"2024-05-14T06:35:02+00:00","og_image":[{"width":1234,"height":694,"url":"https:\/\/goodsparkenergy.com\/wp-content\/uploads\/2024\/03\/latas-productos.jpg","type":"image\/jpeg"}],"twitter_card":"summary_large_image","twitter_misc":{"Est. reading time":"2 minutes"},"schema":{"@context":"https:\/\/schema.org","@graph":[{"@type":"WebPage","@id":"https:\/\/goodsparkenergy.com\/declaracion-de-privacidad\/","url":"https:\/\/goodsparkenergy.com\/declaracion-de-privacidad\/","name":"Declaraci\u00f3n de Accesibilidad - Good Spark","isPartOf":{"@id":"https:\/\/goodsparkenergy.com\/#website"},"datePublished":"2023-06-08T12:41:44+00:00","dateModified":"2024-05-14T06:35:02+00:00","breadcrumb":{"@id":"https:\/\/goodsparkenergy.com\/declaracion-de-privacidad\/#breadcrumb"},"inLanguage":"en-US","potentialAction":[{"@type":"ReadAction","target":["https:\/\/goodsparkenergy.com\/declaracion-de-privacidad\/"]}]},{"@type":"BreadcrumbList","@id":"https:\/\/goodsparkenergy.com\/declaracion-de-privacidad\/#breadcrumb","itemListElement":[{"@type":"ListItem","position":1,"name":"Home","item":"https:\/\/goodsparkenergy.com\/"},{"@type":"ListItem","position":2,"name":"Declaraci\u00f3n de Accesibilidad"}]},{"@type":"WebSite","@id":"https:\/\/goodsparkenergy.com\/#website","url":"https:\/\/goodsparkenergy.com\/","name":"Good Spark","description":"Organic energy drink","publisher":{"@id":"https:\/\/goodsparkenergy.com\/#organization"},"potentialAction":[{"@type":"SearchAction","target":{"@type":"EntryPoint","urlTemplate":"https:\/\/goodsparkenergy.com\/?s={search_term_string}"},"query-input":{"@type":"PropertyValueSpecification","valueRequired":true,"valueName":"search_term_string"}}],"inLanguage":"en-US"},{"@type":"Organization","@id":"https:\/\/goodsparkenergy.com\/#organization","name":"Good Spark","url":"https:\/\/goodsparkenergy.com\/","logo":{"@type":"ImageObject","inLanguage":"en-US","@id":"https:\/\/goodsparkenergy.com\/#\/schema\/logo\/image\/","url":"https:\/\/goodsparkenergy.com\/wp-content\/uploads\/2023\/04\/logo-violeta-2-scaled.webp","contentUrl":"https:\/\/goodsparkenergy.com\/wp-content\/uploads\/2023\/04\/logo-violeta-2-scaled.webp","width":2560,"height":2332,"caption":"Good Spark"},"image":{"@id":"https:\/\/goodsparkenergy.com\/#\/schema\/logo\/image\/"},"sameAs":["https:\/\/www.instagram.com\/goodsparkenergy\/"]}]}},"_links":{"self":[{"href":"https:\/\/goodsparkenergy.com\/en\/wp-json\/wp\/v2\/pages\/1302","targetHints":{"allow":["GET"]}}],"collection":[{"href":"https:\/\/goodsparkenergy.com\/en\/wp-json\/wp\/v2\/pages"}],"about":[{"href":"https:\/\/goodsparkenergy.com\/en\/wp-json\/wp\/v2\/types\/page"}],"author":[{"embeddable":true,"href":"https:\/\/goodsparkenergy.com\/en\/wp-json\/wp\/v2\/users\/3"}],"replies":[{"embeddable":true,"href":"https:\/\/goodsparkenergy.com\/en\/wp-json\/wp\/v2\/comments?post=1302"}],"version-history":[{"count":29,"href":"https:\/\/goodsparkenergy.com\/en\/wp-json\/wp\/v2\/pages\/1302\/revisions"}],"predecessor-version":[{"id":1390,"href":"https:\/\/goodsparkenergy.com\/en\/wp-json\/wp\/v2\/pages\/1302\/revisions\/1390"}],"wp:attachment":[{"href":"https:\/\/goodsparkenergy.com\/en\/wp-json\/wp\/v2\/media?parent=1302"}],"curies":[{"name":"wp","href":"https:\/\/api.w.org\/{rel}","templated":true}]}}